{"id":630,"date":"2023-02-05T21:36:12","date_gmt":"2023-02-05T20:36:12","guid":{"rendered":"https:\/\/www.streetfoodking.city\/?page_id=630"},"modified":"2023-11-03T01:25:50","modified_gmt":"2023-11-03T00:25:50","slug":"donaska","status":"publish","type":"page","link":"https:\/\/www.streetfoodking.city\/index.php\/donaska\/","title":{"rendered":"Don\u00e1\u0161ka"},"content":{"rendered":"\t\t<div data-elementor-type=\"wp-page\" data-elementor-id=\"630\" class=\"elementor elementor-630\">\n\t\t\t\t\t\t\t\t\t<section class=\"elementor-section elementor-top-section elementor-element elementor-element-6ececde elementor-section-full_width elementor-section-height-default elementor-section-height-default\" data-id=\"6ececde\" data-element_type=\"section\" data-settings=\"{&quot;shape_divider_top&quot;:&quot;mountains&quot;}\">\n\t\t\t\t\t<div class=\"elementor-shape elementor-shape-top\" data-negative=\"false\">\n\t\t\t<svg xmlns=\"http:\/\/www.w3.org\/2000\/svg\" viewBox=\"0 0 1000 100\" preserveAspectRatio=\"none\">\n\t<path class=\"elementor-shape-fill\" opacity=\"0.33\" d=\"M473,67.3c-203.9,88.3-263.1-34-320.3,0C66,119.1,0,59.7,0,59.7V0h1000v59.7 c0,0-62.1,26.1-94.9,29.3c-32.8,3.3-62.8-12.3-75.8-22.1C806,49.6,745.3,8.7,694.9,4.7S492.4,59,473,67.3z\"\/>\n\t<path class=\"elementor-shape-fill\" opacity=\"0.66\" d=\"M734,67.3c-45.5,0-77.2-23.2-129.1-39.1c-28.6-8.7-150.3-10.1-254,39.1 s-91.7-34.4-149.2,0C115.7,118.3,0,39.8,0,39.8V0h1000v36.5c0,0-28.2-18.5-92.1-18.5C810.2,18.1,775.7,67.3,734,67.3z\"\/>\n\t<path class=\"elementor-shape-fill\" d=\"M766.1,28.9c-200-57.5-266,65.5-395.1,19.5C242,1.8,242,5.4,184.8,20.6C128,35.8,132.3,44.9,89.9,52.5C28.6,63.7,0,0,0,0 h1000c0,0-9.9,40.9-83.6,48.1S829.6,47,766.1,28.9z\"\/>\n<\/svg>\t\t<\/div>\n\t\t\t\t\t<div class=\"elementor-container elementor-column-gap-default\">\n\t\t\t\t\t<div class=\"elementor-column elementor-col-100 elementor-top-column elementor-element elementor-element-c3f0f85\" data-id=\"c3f0f85\" data-element_type=\"column\">\n\t\t\t<div class=\"elementor-widget-wrap elementor-element-populated\">\n\t\t\t\t\t\t\t\t<div class=\"elementor-element elementor-element-e412737 elementor-widget elementor-widget-spacer\" data-id=\"e412737\" data-element_type=\"widget\" data-widget_type=\"spacer.default\">\n\t\t\t\t<div class=\"elementor-widget-container\">\n\t\t\t<style>\/*! elementor - v3.6.5 - 27-04-2022 *\/\n.e-container.e-container--row .elementor-spacer-inner{width:var(--spacer-size)}.e-container.e-container--column .elementor-spacer-inner,.elementor-column .elementor-spacer-inner{height:var(--spacer-size)}<\/style>\t\t<div class=\"elementor-spacer\">\n\t\t\t<div class=\"elementor-spacer-inner\"><\/div>\n\t\t<\/div>\n\t\t\t\t<\/div>\n\t\t\t\t<\/div>\n\t\t\t\t\t<\/div>\n\t\t<\/div>\n\t\t\t\t\t\t\t<\/div>\n\t\t<\/section>\n\t\t\t\t<section class=\"elementor-section elementor-top-section elementor-element elementor-element-01c95fd elementor-section-boxed elementor-section-height-default elementor-section-height-default\" data-id=\"01c95fd\" data-element_type=\"section\">\n\t\t\t\t\t\t<div class=\"elementor-container elementor-column-gap-default\">\n\t\t\t\t\t<div class=\"elementor-column elementor-col-100 elementor-top-column elementor-element elementor-element-db71247\" data-id=\"db71247\" data-element_type=\"column\">\n\t\t\t<div class=\"elementor-widget-wrap elementor-element-populated\">\n\t\t\t\t\t\t\t\t<div class=\"elementor-element elementor-element-d9f0eb5 elementor-invisible elementor-widget elementor-widget-heading\" data-id=\"d9f0eb5\" data-element_type=\"widget\" data-settings=\"{&quot;_animation&quot;:&quot;bounce&quot;}\" data-widget_type=\"heading.default\">\n\t\t\t\t<div class=\"elementor-widget-container\">\n\t\t\t<style>\/*! elementor - v3.6.5 - 27-04-2022 *\/\n.elementor-heading-title{padding:0;margin:0;line-height:1}.elementor-widget-heading .elementor-heading-title[class*=elementor-size-]>a{color:inherit;font-size:inherit;line-height:inherit}.elementor-widget-heading .elementor-heading-title.elementor-size-small{font-size:15px}.elementor-widget-heading .elementor-heading-title.elementor-size-medium{font-size:19px}.elementor-widget-heading .elementor-heading-title.elementor-size-large{font-size:29px}.elementor-widget-heading .elementor-heading-title.elementor-size-xl{font-size:39px}.elementor-widget-heading .elementor-heading-title.elementor-size-xxl{font-size:59px}<\/style><h2 class=\"elementor-heading-title elementor-size-xxl\">Don\u00e1\u0161ka<\/h2>\t\t<\/div>\n\t\t\t\t<\/div>\n\t\t\t\t\t<\/div>\n\t\t<\/div>\n\t\t\t\t\t\t\t<\/div>\n\t\t<\/section>\n\t\t\t\t<section class=\"elementor-section elementor-top-section elementor-element elementor-element-6889e79 elementor-section-boxed elementor-section-height-default elementor-section-height-default\" data-id=\"6889e79\" data-element_type=\"section\">\n\t\t\t\t\t\t<div class=\"elementor-container elementor-column-gap-default\">\n\t\t\t\t\t<div class=\"elementor-column elementor-col-100 elementor-top-column elementor-element elementor-element-7b9d559\" data-id=\"7b9d559\" data-element_type=\"column\">\n\t\t\t<div class=\"elementor-widget-wrap elementor-element-populated\">\n\t\t\t\t\t\t\t\t<div class=\"elementor-element elementor-element-54de6d1 elementor-invisible elementor-widget elementor-widget-image\" data-id=\"54de6d1\" data-element_type=\"widget\" data-settings=\"{&quot;_animation&quot;:&quot;bounceIn&quot;}\" data-widget_type=\"image.default\">\n\t\t\t\t<div class=\"elementor-widget-container\">\n\t\t\t<style>\/*! elementor - v3.6.5 - 27-04-2022 *\/\n.elementor-widget-image{text-align:center}.elementor-widget-image a{display:inline-block}.elementor-widget-image a img[src$=\".svg\"]{width:48px}.elementor-widget-image img{vertical-align:middle;display:inline-block}<\/style>\t\t\t\t\t\t\t\t\t\t\t\t<img loading=\"lazy\" decoding=\"async\" width=\"1140\" height=\"600\" src=\"https:\/\/www.streetfoodking.city\/wp-content\/uploads\/2023\/11\/donaska2-4web-1.png\" class=\"attachment-full size-full\" alt=\"\" srcset=\"https:\/\/www.streetfoodking.city\/wp-content\/uploads\/2023\/11\/donaska2-4web-1.png 1140w, https:\/\/www.streetfoodking.city\/wp-content\/uploads\/2023\/11\/donaska2-4web-1-300x158.png 300w, https:\/\/www.streetfoodking.city\/wp-content\/uploads\/2023\/11\/donaska2-4web-1-1024x539.png 1024w, https:\/\/www.streetfoodking.city\/wp-content\/uploads\/2023\/11\/donaska2-4web-1-768x404.png 768w\" sizes=\"auto, (max-width: 1140px) 100vw, 1140px\" \/>\t\t\t\t\t\t\t\t\t\t\t\t\t\t\t<\/div>\n\t\t\t\t<\/div>\n\t\t\t\t\t<\/div>\n\t\t<\/div>\n\t\t\t\t\t\t\t<\/div>\n\t\t<\/section>\n\t\t\t\t<section class=\"elementor-section elementor-top-section elementor-element elementor-element-f7c4991 elementor-section-boxed elementor-section-height-default elementor-section-height-default\" data-id=\"f7c4991\" data-element_type=\"section\">\n\t\t\t\t\t\t<div class=\"elementor-container elementor-column-gap-default\">\n\t\t\t\t\t<div class=\"elementor-column elementor-col-100 elementor-top-column elementor-element elementor-element-f5b6665\" data-id=\"f5b6665\" data-element_type=\"column\">\n\t\t\t<div class=\"elementor-widget-wrap elementor-element-populated\">\n\t\t\t\t\t\t\t\t<div class=\"elementor-element elementor-element-ebf553d elementor-invisible elementor-widget elementor-widget-heading\" data-id=\"ebf553d\" data-element_type=\"widget\" data-settings=\"{&quot;_animation&quot;:&quot;bounce&quot;}\" data-widget_type=\"heading.default\">\n\t\t\t\t<div class=\"elementor-widget-container\">\n\t\t\t<h2 class=\"elementor-heading-title elementor-size-xxl\">Don\u00e1\u0161kov\u00e1 slu\u017eba<\/h2>\t\t<\/div>\n\t\t\t\t<\/div>\n\t\t\t\t\t<\/div>\n\t\t<\/div>\n\t\t\t\t\t\t\t<\/div>\n\t\t<\/section>\n\t\t\t\t<section class=\"elementor-section elementor-top-section elementor-element elementor-element-020a03e elementor-section-boxed elementor-section-height-default elementor-section-height-default elementor-invisible\" data-id=\"020a03e\" data-element_type=\"section\" data-settings=\"{&quot;animation&quot;:&quot;fadeIn&quot;}\">\n\t\t\t\t\t\t<div class=\"elementor-container elementor-column-gap-default\">\n\t\t\t\t\t<div class=\"elementor-column elementor-col-100 elementor-top-column elementor-element elementor-element-d999a66\" data-id=\"d999a66\" data-element_type=\"column\" data-settings=\"{&quot;background_background&quot;:&quot;classic&quot;}\">\n\t\t\t<div class=\"elementor-widget-wrap elementor-element-populated\">\n\t\t\t\t\t\t\t\t<div class=\"elementor-element elementor-element-deb5c8c elementor-widget elementor-widget-text-editor\" data-id=\"deb5c8c\" data-element_type=\"widget\" data-widget_type=\"text-editor.default\">\n\t\t\t\t<div class=\"elementor-widget-container\">\n\t\t\t<style>\/*! elementor - v3.6.5 - 27-04-2022 *\/\n.elementor-widget-text-editor.elementor-drop-cap-view-stacked .elementor-drop-cap{background-color:#818a91;color:#fff}.elementor-widget-text-editor.elementor-drop-cap-view-framed .elementor-drop-cap{color:#818a91;border:3px solid;background-color:transparent}.elementor-widget-text-editor:not(.elementor-drop-cap-view-default) .elementor-drop-cap{margin-top:8px}.elementor-widget-text-editor:not(.elementor-drop-cap-view-default) .elementor-drop-cap-letter{width:1em;height:1em}.elementor-widget-text-editor .elementor-drop-cap{float:left;text-align:center;line-height:1;font-size:50px}.elementor-widget-text-editor .elementor-drop-cap-letter{display:inline-block}<\/style>\t\t\t\t<p><strong>StreetFoodKing<\/strong> don\u00e1\u0161kov\u00e1 slu\u017eba vo svojej prvotnej f\u00e1ze bude fungova\u0165, len na s\u00eddlisku <strong>TERASA!<br \/><br \/>\u010eakujeme za pochopenie a prajeme dobr\u00fa chu\u0165<\/strong><\/p><p>Street Food King Crew 2023<\/p>\t\t\t\t\t\t<\/div>\n\t\t\t\t<\/div>\n\t\t\t\t\t<\/div>\n\t\t<\/div>\n\t\t\t\t\t\t\t<\/div>\n\t\t<\/section>\n\t\t\t\t<section class=\"elementor-section elementor-top-section elementor-element elementor-element-69cb00d elementor-section-boxed elementor-section-height-default elementor-section-height-default\" data-id=\"69cb00d\" data-element_type=\"section\" data-settings=\"{&quot;shape_divider_bottom&quot;:&quot;mountains&quot;}\">\n\t\t\t\t\t<div class=\"elementor-shape elementor-shape-bottom\" data-negative=\"false\">\n\t\t\t<svg xmlns=\"http:\/\/www.w3.org\/2000\/svg\" viewBox=\"0 0 1000 100\" preserveAspectRatio=\"none\">\n\t<path class=\"elementor-shape-fill\" opacity=\"0.33\" d=\"M473,67.3c-203.9,88.3-263.1-34-320.3,0C66,119.1,0,59.7,0,59.7V0h1000v59.7 c0,0-62.1,26.1-94.9,29.3c-32.8,3.3-62.8-12.3-75.8-22.1C806,49.6,745.3,8.7,694.9,4.7S492.4,59,473,67.3z\"\/>\n\t<path class=\"elementor-shape-fill\" opacity=\"0.66\" d=\"M734,67.3c-45.5,0-77.2-23.2-129.1-39.1c-28.6-8.7-150.3-10.1-254,39.1 s-91.7-34.4-149.2,0C115.7,118.3,0,39.8,0,39.8V0h1000v36.5c0,0-28.2-18.5-92.1-18.5C810.2,18.1,775.7,67.3,734,67.3z\"\/>\n\t<path class=\"elementor-shape-fill\" d=\"M766.1,28.9c-200-57.5-266,65.5-395.1,19.5C242,1.8,242,5.4,184.8,20.6C128,35.8,132.3,44.9,89.9,52.5C28.6,63.7,0,0,0,0 h1000c0,0-9.9,40.9-83.6,48.1S829.6,47,766.1,28.9z\"\/>\n<\/svg>\t\t<\/div>\n\t\t\t\t\t<div class=\"elementor-container elementor-column-gap-default\">\n\t\t\t\t\t<div class=\"elementor-column elementor-col-100 elementor-top-column elementor-element elementor-element-b17e3a5\" data-id=\"b17e3a5\" data-element_type=\"column\">\n\t\t\t<div class=\"elementor-widget-wrap elementor-element-populated\">\n\t\t\t\t\t\t\t\t<div class=\"elementor-element elementor-element-8b59a43 elementor-widget elementor-widget-spacer\" data-id=\"8b59a43\" data-element_type=\"widget\" data-widget_type=\"spacer.default\">\n\t\t\t\t<div class=\"elementor-widget-container\">\n\t\t\t\t\t<div class=\"elementor-spacer\">\n\t\t\t<div class=\"elementor-spacer-inner\"><\/div>\n\t\t<\/div>\n\t\t\t\t<\/div>\n\t\t\t\t<\/div>\n\t\t\t\t\t<\/div>\n\t\t<\/div>\n\t\t\t\t\t\t\t<\/div>\n\t\t<\/section>\n\t\t\t\t\t\t\t<\/div>\n\t\t","protected":false},"excerpt":{"rendered":"<p>Don\u00e1\u0161ka Don\u00e1\u0161kov\u00e1 slu\u017eba StreetFoodKing don\u00e1\u0161kov\u00e1 slu\u017eba vo svojej prvotnej f\u00e1ze bude fungova\u0165, len na s\u00eddlisku TERASA! \u010eakujeme za pochopenie a prajeme dobr\u00fa chu\u0165 Street Food King Crew 2023<\/p>\n","protected":false},"author":1,"featured_media":0,"parent":0,"menu_order":0,"comment_status":"closed","ping_status":"closed","template":"elementor_header_footer","meta":{"footnotes":""},"class_list":["post-630","page","type-page","status-publish","hentry"],"yoast_head":"<!-- This site is optimized with the Yoast SEO plugin v23.1 - https:\/\/yoast.com\/wordpress\/plugins\/seo\/ -->\n<title>Don\u00e1\u0161ka - streetfoodking<\/title>\n<meta name=\"robots\" content=\"index, follow, max-snippet:-1, max-image-preview:large, max-video-preview:-1\" \/>\n<link rel=\"canonical\" href=\"https:\/\/www.streetfoodking.city\/index.php\/donaska\/\" \/>\n<meta property=\"og:locale\" content=\"sk_SK\" \/>\n<meta property=\"og:type\" content=\"article\" \/>\n<meta property=\"og:title\" content=\"Don\u00e1\u0161ka - streetfoodking\" \/>\n<meta property=\"og:description\" content=\"Don\u00e1\u0161ka Don\u00e1\u0161kov\u00e1 slu\u017eba StreetFoodKing don\u00e1\u0161kov\u00e1 slu\u017eba vo svojej prvotnej f\u00e1ze bude fungova\u0165, len na s\u00eddlisku TERASA! \u010eakujeme za pochopenie a prajeme dobr\u00fa chu\u0165 Street Food King Crew 2023\" \/>\n<meta property=\"og:url\" content=\"https:\/\/www.streetfoodking.city\/index.php\/donaska\/\" \/>\n<meta property=\"og:site_name\" content=\"streetfoodking\" \/>\n<meta property=\"article:publisher\" content=\"https:\/\/www.facebook.com\/people\/StreetFoodKing\/100088403701989\/?ref=embed_page\" \/>\n<meta property=\"article:modified_time\" content=\"2023-11-03T00:25:50+00:00\" \/>\n<meta property=\"og:image\" content=\"https:\/\/www.streetfoodking.city\/wp-content\/uploads\/2023\/11\/donaska2-4web-1.png\" \/>\n<meta name=\"twitter:card\" content=\"summary_large_image\" \/>\n<script type=\"application\/ld+json\" class=\"yoast-schema-graph\">{\"@context\":\"https:\/\/schema.org\",\"@graph\":[{\"@type\":\"WebPage\",\"@id\":\"https:\/\/www.streetfoodking.city\/index.php\/donaska\/\",\"url\":\"https:\/\/www.streetfoodking.city\/index.php\/donaska\/\",\"name\":\"Don\u00e1\u0161ka - streetfoodking\",\"isPartOf\":{\"@id\":\"https:\/\/www.streetfoodking.city\/#website\"},\"primaryImageOfPage\":{\"@id\":\"https:\/\/www.streetfoodking.city\/index.php\/donaska\/#primaryimage\"},\"image\":{\"@id\":\"https:\/\/www.streetfoodking.city\/index.php\/donaska\/#primaryimage\"},\"thumbnailUrl\":\"https:\/\/www.streetfoodking.city\/wp-content\/uploads\/2023\/11\/donaska2-4web-1.png\",\"datePublished\":\"2023-02-05T20:36:12+00:00\",\"dateModified\":\"2023-11-03T00:25:50+00:00\",\"breadcrumb\":{\"@id\":\"https:\/\/www.streetfoodking.city\/index.php\/donaska\/#breadcrumb\"},\"inLanguage\":\"sk-SK\",\"potentialAction\":[{\"@type\":\"ReadAction\",\"target\":[\"https:\/\/www.streetfoodking.city\/index.php\/donaska\/\"]}]},{\"@type\":\"ImageObject\",\"inLanguage\":\"sk-SK\",\"@id\":\"https:\/\/www.streetfoodking.city\/index.php\/donaska\/#primaryimage\",\"url\":\"https:\/\/www.streetfoodking.city\/wp-content\/uploads\/2023\/11\/donaska2-4web-1.png\",\"contentUrl\":\"https:\/\/www.streetfoodking.city\/wp-content\/uploads\/2023\/11\/donaska2-4web-1.png\",\"width\":1140,\"height\":600},{\"@type\":\"BreadcrumbList\",\"@id\":\"https:\/\/www.streetfoodking.city\/index.php\/donaska\/#breadcrumb\",\"itemListElement\":[{\"@type\":\"ListItem\",\"position\":1,\"name\":\"Domovsk\u00e1 str\u00e1nka\",\"item\":\"https:\/\/www.streetfoodking.city\/\"},{\"@type\":\"ListItem\",\"position\":2,\"name\":\"Don\u00e1\u0161ka\"}]},{\"@type\":\"WebSite\",\"@id\":\"https:\/\/www.streetfoodking.city\/#website\",\"url\":\"https:\/\/www.streetfoodking.city\/\",\"name\":\"streetfoodking\",\"description\":\"Jedlo si m\u00f4\u017eete vyzdvihn\u00fa\u0165 priamo u n\u00e1s na prev\u00e1dzke, alebo objedna\u0165 cez na\u0161u don\u00e1\u0161ku a dovezieme ho priamo k V\u00e1m\",\"publisher\":{\"@id\":\"https:\/\/www.streetfoodking.city\/#organization\"},\"alternateName\":\"streetfoodking Jedlo si m\u00f4\u017eete vyzdvihn\u00fa\u0165 priamo u n\u00e1s na prev\u00e1dzke, alebo objedna\u0165 cez na\u0161u don\u00e1\u0161ku a dovezieme ho priamo k V\u00e1m\u200b\",\"potentialAction\":[{\"@type\":\"SearchAction\",\"target\":{\"@type\":\"EntryPoint\",\"urlTemplate\":\"https:\/\/www.streetfoodking.city\/?s={search_term_string}\"},\"query-input\":\"required name=search_term_string\"}],\"inLanguage\":\"sk-SK\"},{\"@type\":\"Organization\",\"@id\":\"https:\/\/www.streetfoodking.city\/#organization\",\"name\":\"streetfoodking\",\"alternateName\":\"streetfoodking Ko\u0161ice\",\"url\":\"https:\/\/www.streetfoodking.city\/\",\"logo\":{\"@type\":\"ImageObject\",\"inLanguage\":\"sk-SK\",\"@id\":\"https:\/\/www.streetfoodking.city\/#\/schema\/logo\/image\/\",\"url\":\"https:\/\/www.streetfoodking.city\/wp-content\/uploads\/2022\/11\/cropped-logo.png\",\"contentUrl\":\"https:\/\/www.streetfoodking.city\/wp-content\/uploads\/2022\/11\/cropped-logo.png\",\"width\":350,\"height\":196,\"caption\":\"streetfoodking\"},\"image\":{\"@id\":\"https:\/\/www.streetfoodking.city\/#\/schema\/logo\/image\/\"},\"sameAs\":[\"https:\/\/www.facebook.com\/people\/StreetFoodKing\/100088403701989\/?ref=embed_page\"]}]}<\/script>\n<!-- \/ Yoast SEO plugin. -->","yoast_head_json":{"title":"Don\u00e1\u0161ka - streetfoodking","robots":{"index":"index","follow":"follow","max-snippet":"max-snippet:-1","max-image-preview":"max-image-preview:large","max-video-preview":"max-video-preview:-1"},"canonical":"https:\/\/www.streetfoodking.city\/index.php\/donaska\/","og_locale":"sk_SK","og_type":"article","og_title":"Don\u00e1\u0161ka - streetfoodking","og_description":"Don\u00e1\u0161ka Don\u00e1\u0161kov\u00e1 slu\u017eba StreetFoodKing don\u00e1\u0161kov\u00e1 slu\u017eba vo svojej prvotnej f\u00e1ze bude fungova\u0165, len na s\u00eddlisku TERASA! \u010eakujeme za pochopenie a prajeme dobr\u00fa chu\u0165 Street Food King Crew 2023","og_url":"https:\/\/www.streetfoodking.city\/index.php\/donaska\/","og_site_name":"streetfoodking","article_publisher":"https:\/\/www.facebook.com\/people\/StreetFoodKing\/100088403701989\/?ref=embed_page","article_modified_time":"2023-11-03T00:25:50+00:00","og_image":[{"url":"https:\/\/www.streetfoodking.city\/wp-content\/uploads\/2023\/11\/donaska2-4web-1.png"}],"twitter_card":"summary_large_image","schema":{"@context":"https:\/\/schema.org","@graph":[{"@type":"WebPage","@id":"https:\/\/www.streetfoodking.city\/index.php\/donaska\/","url":"https:\/\/www.streetfoodking.city\/index.php\/donaska\/","name":"Don\u00e1\u0161ka - streetfoodking","isPartOf":{"@id":"https:\/\/www.streetfoodking.city\/#website"},"primaryImageOfPage":{"@id":"https:\/\/www.streetfoodking.city\/index.php\/donaska\/#primaryimage"},"image":{"@id":"https:\/\/www.streetfoodking.city\/index.php\/donaska\/#primaryimage"},"thumbnailUrl":"https:\/\/www.streetfoodking.city\/wp-content\/uploads\/2023\/11\/donaska2-4web-1.png","datePublished":"2023-02-05T20:36:12+00:00","dateModified":"2023-11-03T00:25:50+00:00","breadcrumb":{"@id":"https:\/\/www.streetfoodking.city\/index.php\/donaska\/#breadcrumb"},"inLanguage":"sk-SK","potentialAction":[{"@type":"ReadAction","target":["https:\/\/www.streetfoodking.city\/index.php\/donaska\/"]}]},{"@type":"ImageObject","inLanguage":"sk-SK","@id":"https:\/\/www.streetfoodking.city\/index.php\/donaska\/#primaryimage","url":"https:\/\/www.streetfoodking.city\/wp-content\/uploads\/2023\/11\/donaska2-4web-1.png","contentUrl":"https:\/\/www.streetfoodking.city\/wp-content\/uploads\/2023\/11\/donaska2-4web-1.png","width":1140,"height":600},{"@type":"BreadcrumbList","@id":"https:\/\/www.streetfoodking.city\/index.php\/donaska\/#breadcrumb","itemListElement":[{"@type":"ListItem","position":1,"name":"Domovsk\u00e1 str\u00e1nka","item":"https:\/\/www.streetfoodking.city\/"},{"@type":"ListItem","position":2,"name":"Don\u00e1\u0161ka"}]},{"@type":"WebSite","@id":"https:\/\/www.streetfoodking.city\/#website","url":"https:\/\/www.streetfoodking.city\/","name":"streetfoodking","description":"Jedlo si m\u00f4\u017eete vyzdvihn\u00fa\u0165 priamo u n\u00e1s na prev\u00e1dzke, alebo objedna\u0165 cez na\u0161u don\u00e1\u0161ku a dovezieme ho priamo k V\u00e1m","publisher":{"@id":"https:\/\/www.streetfoodking.city\/#organization"},"alternateName":"streetfoodking Jedlo si m\u00f4\u017eete vyzdvihn\u00fa\u0165 priamo u n\u00e1s na prev\u00e1dzke, alebo objedna\u0165 cez na\u0161u don\u00e1\u0161ku a dovezieme ho priamo k V\u00e1m\u200b","potentialAction":[{"@type":"SearchAction","target":{"@type":"EntryPoint","urlTemplate":"https:\/\/www.streetfoodking.city\/?s={search_term_string}"},"query-input":"required name=search_term_string"}],"inLanguage":"sk-SK"},{"@type":"Organization","@id":"https:\/\/www.streetfoodking.city\/#organization","name":"streetfoodking","alternateName":"streetfoodking Ko\u0161ice","url":"https:\/\/www.streetfoodking.city\/","logo":{"@type":"ImageObject","inLanguage":"sk-SK","@id":"https:\/\/www.streetfoodking.city\/#\/schema\/logo\/image\/","url":"https:\/\/www.streetfoodking.city\/wp-content\/uploads\/2022\/11\/cropped-logo.png","contentUrl":"https:\/\/www.streetfoodking.city\/wp-content\/uploads\/2022\/11\/cropped-logo.png","width":350,"height":196,"caption":"streetfoodking"},"image":{"@id":"https:\/\/www.streetfoodking.city\/#\/schema\/logo\/image\/"},"sameAs":["https:\/\/www.facebook.com\/people\/StreetFoodKing\/100088403701989\/?ref=embed_page"]}]}},"_links":{"self":[{"href":"https:\/\/www.streetfoodking.city\/index.php\/wp-json\/wp\/v2\/pages\/630","targetHints":{"allow":["GET"]}}],"collection":[{"href":"https:\/\/www.streetfoodking.city\/index.php\/wp-json\/wp\/v2\/pages"}],"about":[{"href":"https:\/\/www.streetfoodking.city\/index.php\/wp-json\/wp\/v2\/types\/page"}],"author":[{"embeddable":true,"href":"https:\/\/www.streetfoodking.city\/index.php\/wp-json\/wp\/v2\/users\/1"}],"replies":[{"embeddable":true,"href":"https:\/\/www.streetfoodking.city\/index.php\/wp-json\/wp\/v2\/comments?post=630"}],"version-history":[{"count":95,"href":"https:\/\/www.streetfoodking.city\/index.php\/wp-json\/wp\/v2\/pages\/630\/revisions"}],"predecessor-version":[{"id":1478,"href":"https:\/\/www.streetfoodking.city\/index.php\/wp-json\/wp\/v2\/pages\/630\/revisions\/1478"}],"wp:attachment":[{"href":"https:\/\/www.streetfoodking.city\/index.php\/wp-json\/wp\/v2\/media?parent=630"}],"curies":[{"name":"wp","href":"https:\/\/api.w.org\/{rel}","templated":true}]}}