{"id":122,"date":"2023-01-26T16:10:08","date_gmt":"2023-01-26T15:10:08","guid":{"rendered":"https:\/\/www.streetfoodking.city\/?page_id=122"},"modified":"2023-12-05T12:33:21","modified_gmt":"2023-12-05T11:33:21","slug":"kontakt","status":"publish","type":"page","link":"https:\/\/www.streetfoodking.city\/index.php\/kontakt\/","title":{"rendered":"Kontakt"},"content":{"rendered":"\t\t<div data-elementor-type=\"wp-page\" data-elementor-id=\"122\" class=\"elementor elementor-122\">\n\t\t\t\t\t\t\t\t\t<section class=\"elementor-section elementor-top-section elementor-element elementor-element-7b23ece elementor-section-boxed elementor-section-height-default elementor-section-height-default\" data-id=\"7b23ece\" data-element_type=\"section\" data-settings=\"{&quot;shape_divider_top&quot;:&quot;mountains&quot;}\">\n\t\t\t\t\t<div class=\"elementor-shape elementor-shape-top\" data-negative=\"false\">\n\t\t\t<svg xmlns=\"http:\/\/www.w3.org\/2000\/svg\" viewBox=\"0 0 1000 100\" preserveAspectRatio=\"none\">\n\t<path class=\"elementor-shape-fill\" opacity=\"0.33\" d=\"M473,67.3c-203.9,88.3-263.1-34-320.3,0C66,119.1,0,59.7,0,59.7V0h1000v59.7 c0,0-62.1,26.1-94.9,29.3c-32.8,3.3-62.8-12.3-75.8-22.1C806,49.6,745.3,8.7,694.9,4.7S492.4,59,473,67.3z\"\/>\n\t<path class=\"elementor-shape-fill\" opacity=\"0.66\" d=\"M734,67.3c-45.5,0-77.2-23.2-129.1-39.1c-28.6-8.7-150.3-10.1-254,39.1 s-91.7-34.4-149.2,0C115.7,118.3,0,39.8,0,39.8V0h1000v36.5c0,0-28.2-18.5-92.1-18.5C810.2,18.1,775.7,67.3,734,67.3z\"\/>\n\t<path class=\"elementor-shape-fill\" d=\"M766.1,28.9c-200-57.5-266,65.5-395.1,19.5C242,1.8,242,5.4,184.8,20.6C128,35.8,132.3,44.9,89.9,52.5C28.6,63.7,0,0,0,0 h1000c0,0-9.9,40.9-83.6,48.1S829.6,47,766.1,28.9z\"\/>\n<\/svg>\t\t<\/div>\n\t\t\t\t\t<div class=\"elementor-container elementor-column-gap-default\">\n\t\t\t\t\t<div class=\"elementor-column elementor-col-100 elementor-top-column elementor-element elementor-element-d536825\" data-id=\"d536825\" data-element_type=\"column\">\n\t\t\t<div class=\"elementor-widget-wrap elementor-element-populated\">\n\t\t\t\t\t\t\t\t<div class=\"elementor-element elementor-element-1cad1ec elementor-widget elementor-widget-spacer\" data-id=\"1cad1ec\" data-element_type=\"widget\" data-widget_type=\"spacer.default\">\n\t\t\t\t<div class=\"elementor-widget-container\">\n\t\t\t<style>\/*! elementor - v3.6.5 - 27-04-2022 *\/\n.e-container.e-container--row .elementor-spacer-inner{width:var(--spacer-size)}.e-container.e-container--column .elementor-spacer-inner,.elementor-column .elementor-spacer-inner{height:var(--spacer-size)}<\/style>\t\t<div class=\"elementor-spacer\">\n\t\t\t<div class=\"elementor-spacer-inner\"><\/div>\n\t\t<\/div>\n\t\t\t\t<\/div>\n\t\t\t\t<\/div>\n\t\t\t\t<div class=\"elementor-element elementor-element-0e6b854 elementor-widget elementor-widget-heading\" data-id=\"0e6b854\" data-element_type=\"widget\" data-widget_type=\"heading.default\">\n\t\t\t\t<div class=\"elementor-widget-container\">\n\t\t\t<style>\/*! elementor - v3.6.5 - 27-04-2022 *\/\n.elementor-heading-title{padding:0;margin:0;line-height:1}.elementor-widget-heading .elementor-heading-title[class*=elementor-size-]>a{color:inherit;font-size:inherit;line-height:inherit}.elementor-widget-heading .elementor-heading-title.elementor-size-small{font-size:15px}.elementor-widget-heading .elementor-heading-title.elementor-size-medium{font-size:19px}.elementor-widget-heading .elementor-heading-title.elementor-size-large{font-size:29px}.elementor-widget-heading .elementor-heading-title.elementor-size-xl{font-size:39px}.elementor-widget-heading .elementor-heading-title.elementor-size-xxl{font-size:59px}<\/style><h2 class=\"elementor-heading-title elementor-size-xxl\">Kontakt:<\/h2>\t\t<\/div>\n\t\t\t\t<\/div>\n\t\t\t\t\t<\/div>\n\t\t<\/div>\n\t\t\t\t\t\t\t<\/div>\n\t\t<\/section>\n\t\t\t\t<section class=\"elementor-section elementor-top-section elementor-element elementor-element-ad46b2e elementor-section-boxed elementor-section-height-default elementor-section-height-default\" data-id=\"ad46b2e\" data-element_type=\"section\">\n\t\t\t\t\t\t<div class=\"elementor-container elementor-column-gap-default\">\n\t\t\t\t\t<div class=\"elementor-column elementor-col-100 elementor-top-column elementor-element elementor-element-effed09\" data-id=\"effed09\" data-element_type=\"column\">\n\t\t\t<div class=\"elementor-widget-wrap elementor-element-populated\">\n\t\t\t\t\t\t\t\t<div class=\"elementor-element elementor-element-1085e4b elementor-widget elementor-widget-text-editor\" data-id=\"1085e4b\" data-element_type=\"widget\" data-widget_type=\"text-editor.default\">\n\t\t\t\t<div class=\"elementor-widget-container\">\n\t\t\t<style>\/*! elementor - v3.6.5 - 27-04-2022 *\/\n.elementor-widget-text-editor.elementor-drop-cap-view-stacked .elementor-drop-cap{background-color:#818a91;color:#fff}.elementor-widget-text-editor.elementor-drop-cap-view-framed .elementor-drop-cap{color:#818a91;border:3px solid;background-color:transparent}.elementor-widget-text-editor:not(.elementor-drop-cap-view-default) .elementor-drop-cap{margin-top:8px}.elementor-widget-text-editor:not(.elementor-drop-cap-view-default) .elementor-drop-cap-letter{width:1em;height:1em}.elementor-widget-text-editor .elementor-drop-cap{float:left;text-align:center;line-height:1;font-size:50px}.elementor-widget-text-editor .elementor-drop-cap-letter{display:inline-block}<\/style>\t\t\t\t<p>Amigo,s.r.o.<br \/><strong>Lado\u017esk\u00e1 1438<\/strong>\/10 040 12 Ko\u0161ice &#8211; mestsk\u00e1 \u010das\u0165 <strong>Nad jazerom<\/strong><\/p><p><strong>I\u010cO &#8211; <\/strong>36039462<\/p><p><strong>DI\u010c &#8211; <\/strong>2021519445<\/p><p><strong>Tel.:<\/strong> &#8211; 0948 381 366<\/p><p><strong>email:<\/strong>\u00a0amigosro.gazi@gmail.com<\/p>\t\t\t\t\t\t<\/div>\n\t\t\t\t<\/div>\n\t\t\t\t\t<\/div>\n\t\t<\/div>\n\t\t\t\t\t\t\t<\/div>\n\t\t<\/section>\n\t\t\t\t<section class=\"elementor-section elementor-top-section elementor-element elementor-element-885da39 elementor-section-boxed elementor-section-height-default elementor-section-height-default\" data-id=\"885da39\" data-element_type=\"section\">\n\t\t\t\t\t\t<div class=\"elementor-container elementor-column-gap-default\">\n\t\t\t\t\t<div class=\"elementor-column elementor-col-100 elementor-top-column elementor-element elementor-element-b971799\" data-id=\"b971799\" data-element_type=\"column\">\n\t\t\t<div class=\"elementor-widget-wrap elementor-element-populated\">\n\t\t\t\t\t\t\t\t<div class=\"elementor-element elementor-element-7dca6b3 elementor-widget-divider--view-line elementor-widget elementor-widget-divider\" data-id=\"7dca6b3\" data-element_type=\"widget\" data-widget_type=\"divider.default\">\n\t\t\t\t<div class=\"elementor-widget-container\">\n\t\t\t<style>\/*! elementor - v3.6.5 - 27-04-2022 *\/\n.elementor-widget-divider{--divider-border-style:none;--divider-border-width:1px;--divider-color:#2c2c2c;--divider-icon-size:20px;--divider-element-spacing:10px;--divider-pattern-height:24px;--divider-pattern-size:20px;--divider-pattern-url:none;--divider-pattern-repeat:repeat-x}.elementor-widget-divider .elementor-divider{display:-webkit-box;display:-ms-flexbox;display:flex}.elementor-widget-divider .elementor-divider__text{font-size:15px;line-height:1;max-width:95%}.elementor-widget-divider .elementor-divider__element{margin:0 var(--divider-element-spacing);-ms-flex-negative:0;flex-shrink:0}.elementor-widget-divider .elementor-icon{font-size:var(--divider-icon-size)}.elementor-widget-divider .elementor-divider-separator{display:-webkit-box;display:-ms-flexbox;display:flex;margin:0;direction:ltr}.elementor-widget-divider--view-line_icon .elementor-divider-separator,.elementor-widget-divider--view-line_text .elementor-divider-separator{-webkit-box-align:center;-ms-flex-align:center;align-items:center}.elementor-widget-divider--view-line_icon .elementor-divider-separator:after,.elementor-widget-divider--view-line_icon .elementor-divider-separator:before,.elementor-widget-divider--view-line_text .elementor-divider-separator:after,.elementor-widget-divider--view-line_text .elementor-divider-separator:before{display:block;content:\"\";border-bottom:0;-webkit-box-flex:1;-ms-flex-positive:1;flex-grow:1;border-top:var(--divider-border-width) var(--divider-border-style) var(--divider-color)}.elementor-widget-divider--element-align-left .elementor-divider .elementor-divider-separator>.elementor-divider__svg:first-of-type{-webkit-box-flex:0;-ms-flex-positive:0;flex-grow:0;-ms-flex-negative:100;flex-shrink:100}.elementor-widget-divider--element-align-left .elementor-divider-separator:before{content:none}.elementor-widget-divider--element-align-left .elementor-divider__element{margin-left:0}.elementor-widget-divider--element-align-right .elementor-divider .elementor-divider-separator>.elementor-divider__svg:last-of-type{-webkit-box-flex:0;-ms-flex-positive:0;flex-grow:0;-ms-flex-negative:100;flex-shrink:100}.elementor-widget-divider--element-align-right .elementor-divider-separator:after{content:none}.elementor-widget-divider--element-align-right .elementor-divider__element{margin-right:0}.elementor-widget-divider:not(.elementor-widget-divider--view-line_text):not(.elementor-widget-divider--view-line_icon) .elementor-divider-separator{border-top:var(--divider-border-width) var(--divider-border-style) var(--divider-color)}.elementor-widget-divider--separator-type-pattern{--divider-border-style:none}.elementor-widget-divider--separator-type-pattern.elementor-widget-divider--view-line .elementor-divider-separator,.elementor-widget-divider--separator-type-pattern:not(.elementor-widget-divider--view-line) .elementor-divider-separator:after,.elementor-widget-divider--separator-type-pattern:not(.elementor-widget-divider--view-line) .elementor-divider-separator:before,.elementor-widget-divider--separator-type-pattern:not([class*=elementor-widget-divider--view]) .elementor-divider-separator{width:100%;min-height:var(--divider-pattern-height);-webkit-mask-size:var(--divider-pattern-size) 100%;mask-size:var(--divider-pattern-size) 100%;-webkit-mask-repeat:var(--divider-pattern-repeat);mask-repeat:var(--divider-pattern-repeat);background-color:var(--divider-color);-webkit-mask-image:var(--divider-pattern-url);mask-image:var(--divider-pattern-url)}.elementor-widget-divider--no-spacing{--divider-pattern-size:auto}.elementor-widget-divider--bg-round{--divider-pattern-repeat:round}.rtl .elementor-widget-divider .elementor-divider__text{direction:rtl}<\/style>\t\t<div class=\"elementor-divider\">\n\t\t\t<span class=\"elementor-divider-separator\">\n\t\t\t\t\t\t<\/span>\n\t\t<\/div>\n\t\t\t\t<\/div>\n\t\t\t\t<\/div>\n\t\t\t\t<div class=\"elementor-element elementor-element-6ebf89e elementor-invisible elementor-widget elementor-widget-image\" data-id=\"6ebf89e\" data-element_type=\"widget\" data-settings=\"{&quot;_animation&quot;:&quot;bounceIn&quot;}\" data-widget_type=\"image.default\">\n\t\t\t\t<div class=\"elementor-widget-container\">\n\t\t\t<style>\/*! elementor - v3.6.5 - 27-04-2022 *\/\n.elementor-widget-image{text-align:center}.elementor-widget-image a{display:inline-block}.elementor-widget-image a img[src$=\".svg\"]{width:48px}.elementor-widget-image img{vertical-align:middle;display:inline-block}<\/style>\t\t\t\t\t\t\t\t\t\t\t\t<img loading=\"lazy\" decoding=\"async\" width=\"1140\" height=\"600\" src=\"https:\/\/www.streetfoodking.city\/wp-content\/uploads\/2023\/12\/donaska-3.png\" class=\"attachment-full size-full\" alt=\"\" srcset=\"https:\/\/www.streetfoodking.city\/wp-content\/uploads\/2023\/12\/donaska-3.png 1140w, https:\/\/www.streetfoodking.city\/wp-content\/uploads\/2023\/12\/donaska-3-300x158.png 300w, https:\/\/www.streetfoodking.city\/wp-content\/uploads\/2023\/12\/donaska-3-1024x539.png 1024w, https:\/\/www.streetfoodking.city\/wp-content\/uploads\/2023\/12\/donaska-3-768x404.png 768w\" sizes=\"auto, (max-width: 1140px) 100vw, 1140px\" \/>\t\t\t\t\t\t\t\t\t\t\t\t\t\t\t<\/div>\n\t\t\t\t<\/div>\n\t\t\t\t\t<\/div>\n\t\t<\/div>\n\t\t\t\t\t\t\t<\/div>\n\t\t<\/section>\n\t\t\t\t<section class=\"elementor-section elementor-top-section elementor-element elementor-element-aaf08d4 elementor-section-boxed elementor-section-height-default elementor-section-height-default\" data-id=\"aaf08d4\" data-element_type=\"section\">\n\t\t\t\t\t\t<div class=\"elementor-container elementor-column-gap-default\">\n\t\t\t\t\t<div class=\"elementor-column elementor-col-100 elementor-top-column elementor-element elementor-element-947a43b\" data-id=\"947a43b\" data-element_type=\"column\">\n\t\t\t<div class=\"elementor-widget-wrap elementor-element-populated\">\n\t\t\t\t\t\t\t\t<div class=\"elementor-element elementor-element-fba2cd8 elementor-widget elementor-widget-image\" data-id=\"fba2cd8\" data-element_type=\"widget\" data-widget_type=\"image.default\">\n\t\t\t\t<div class=\"elementor-widget-container\">\n\t\t\t\t\t\t\t\t\t\t\t\t\t\t\t<img loading=\"lazy\" decoding=\"async\" width=\"2000\" height=\"934\" src=\"https:\/\/www.streetfoodking.city\/wp-content\/uploads\/2022\/11\/budka-02.jpg\" class=\"attachment-full size-full\" alt=\"\" srcset=\"https:\/\/www.streetfoodking.city\/wp-content\/uploads\/2022\/11\/budka-02.jpg 2000w, https:\/\/www.streetfoodking.city\/wp-content\/uploads\/2022\/11\/budka-02-300x140.jpg 300w, https:\/\/www.streetfoodking.city\/wp-content\/uploads\/2022\/11\/budka-02-1024x478.jpg 1024w, https:\/\/www.streetfoodking.city\/wp-content\/uploads\/2022\/11\/budka-02-768x359.jpg 768w, https:\/\/www.streetfoodking.city\/wp-content\/uploads\/2022\/11\/budka-02-1536x717.jpg 1536w\" sizes=\"auto, (max-width: 2000px) 100vw, 2000px\" \/>\t\t\t\t\t\t\t\t\t\t\t\t\t\t\t<\/div>\n\t\t\t\t<\/div>\n\t\t\t\t\t<\/div>\n\t\t<\/div>\n\t\t\t\t\t\t\t<\/div>\n\t\t<\/section>\n\t\t\t\t<section class=\"elementor-section elementor-top-section elementor-element elementor-element-bd6af96 elementor-section-full_width elementor-section-height-default elementor-section-height-default\" data-id=\"bd6af96\" data-element_type=\"section\">\n\t\t\t\t\t\t<div class=\"elementor-container elementor-column-gap-default\">\n\t\t\t\t\t<div class=\"elementor-column elementor-col-100 elementor-top-column elementor-element elementor-element-0a78ebe\" data-id=\"0a78ebe\" data-element_type=\"column\">\n\t\t\t<div class=\"elementor-widget-wrap elementor-element-populated\">\n\t\t\t\t\t\t\t\t<div class=\"elementor-element elementor-element-9fccf1f elementor-widget elementor-widget-google_maps\" data-id=\"9fccf1f\" data-element_type=\"widget\" data-widget_type=\"google_maps.default\">\n\t\t\t\t<div class=\"elementor-widget-container\">\n\t\t\t<style>\/*! elementor - v3.6.5 - 27-04-2022 *\/\n.elementor-widget-google_maps .elementor-widget-container{overflow:hidden}.elementor-widget-google_maps iframe{height:300px}<\/style>\t\t<div class=\"elementor-custom-embed\">\n\t\t\t<iframe frameborder=\"0\" scrolling=\"no\" marginheight=\"0\" marginwidth=\"0\"\n\t\t\t\t\tsrc=\"https:\/\/maps.google.com\/maps?q=Ko%C5%A1ice%2C%20%C5%A0af%C3%A1rikova%201%2C%20Slovakia&#038;t=m&#038;z=18&#038;output=embed&#038;iwloc=near\"\n\t\t\t\t\ttitle=\"Ko\u0161ice, \u0160af\u00e1rikova 1, Slovakia\"\n\t\t\t\t\taria-label=\"Ko\u0161ice, \u0160af\u00e1rikova 1, Slovakia\"\n\t\t\t><\/iframe>\n\t\t<\/div>\n\t\t\t\t<\/div>\n\t\t\t\t<\/div>\n\t\t\t\t\t<\/div>\n\t\t<\/div>\n\t\t\t\t\t\t\t<\/div>\n\t\t<\/section>\n\t\t\t\t\t\t\t<\/div>\n\t\t","protected":false},"excerpt":{"rendered":"<p>Kontakt: Amigo,s.r.o.Lado\u017esk\u00e1 1438\/10 040 12 Ko\u0161ice &#8211; mestsk\u00e1 \u010das\u0165 Nad jazerom I\u010cO &#8211; 36039462 DI\u010c &#8211; 2021519445 Tel.: &#8211; 0948 381 366 email:\u00a0amigosro.gazi@gmail.com<\/p>\n","protected":false},"author":1,"featured_media":0,"parent":0,"menu_order":0,"comment_status":"closed","ping_status":"closed","template":"elementor_header_footer","meta":{"footnotes":""},"class_list":["post-122","page","type-page","status-publish","hentry"],"yoast_head":"<!-- This site is optimized with the Yoast SEO plugin v23.1 - https:\/\/yoast.com\/wordpress\/plugins\/seo\/ -->\n<title>Kontakt - streetfoodking<\/title>\n<meta name=\"robots\" content=\"index, follow, max-snippet:-1, max-image-preview:large, max-video-preview:-1\" \/>\n<link rel=\"canonical\" href=\"https:\/\/www.streetfoodking.city\/index.php\/kontakt\/\" \/>\n<meta property=\"og:locale\" content=\"sk_SK\" \/>\n<meta property=\"og:type\" content=\"article\" \/>\n<meta property=\"og:title\" content=\"Kontakt - streetfoodking\" \/>\n<meta property=\"og:description\" content=\"Kontakt: Amigo,s.r.o.Lado\u017esk\u00e1 1438\/10 040 12 Ko\u0161ice &#8211; mestsk\u00e1 \u010das\u0165 Nad jazerom I\u010cO &#8211; 36039462 DI\u010c &#8211; 2021519445 Tel.: &#8211; 0948 381 366 email:\u00a0amigosro.gazi@gmail.com\" \/>\n<meta property=\"og:url\" content=\"https:\/\/www.streetfoodking.city\/index.php\/kontakt\/\" \/>\n<meta property=\"og:site_name\" content=\"streetfoodking\" \/>\n<meta property=\"article:publisher\" content=\"https:\/\/www.facebook.com\/people\/StreetFoodKing\/100088403701989\/?ref=embed_page\" \/>\n<meta property=\"article:modified_time\" content=\"2023-12-05T11:33:21+00:00\" \/>\n<meta property=\"og:image\" content=\"https:\/\/www.streetfoodking.city\/wp-content\/uploads\/2023\/12\/donaska-3.png\" \/>\n<meta name=\"twitter:card\" content=\"summary_large_image\" \/>\n<script type=\"application\/ld+json\" class=\"yoast-schema-graph\">{\"@context\":\"https:\/\/schema.org\",\"@graph\":[{\"@type\":\"WebPage\",\"@id\":\"https:\/\/www.streetfoodking.city\/index.php\/kontakt\/\",\"url\":\"https:\/\/www.streetfoodking.city\/index.php\/kontakt\/\",\"name\":\"Kontakt - streetfoodking\",\"isPartOf\":{\"@id\":\"https:\/\/www.streetfoodking.city\/#website\"},\"primaryImageOfPage\":{\"@id\":\"https:\/\/www.streetfoodking.city\/index.php\/kontakt\/#primaryimage\"},\"image\":{\"@id\":\"https:\/\/www.streetfoodking.city\/index.php\/kontakt\/#primaryimage\"},\"thumbnailUrl\":\"https:\/\/www.streetfoodking.city\/wp-content\/uploads\/2023\/12\/donaska-3.png\",\"datePublished\":\"2023-01-26T15:10:08+00:00\",\"dateModified\":\"2023-12-05T11:33:21+00:00\",\"breadcrumb\":{\"@id\":\"https:\/\/www.streetfoodking.city\/index.php\/kontakt\/#breadcrumb\"},\"inLanguage\":\"sk-SK\",\"potentialAction\":[{\"@type\":\"ReadAction\",\"target\":[\"https:\/\/www.streetfoodking.city\/index.php\/kontakt\/\"]}]},{\"@type\":\"ImageObject\",\"inLanguage\":\"sk-SK\",\"@id\":\"https:\/\/www.streetfoodking.city\/index.php\/kontakt\/#primaryimage\",\"url\":\"https:\/\/www.streetfoodking.city\/wp-content\/uploads\/2023\/12\/donaska-3.png\",\"contentUrl\":\"https:\/\/www.streetfoodking.city\/wp-content\/uploads\/2023\/12\/donaska-3.png\",\"width\":1140,\"height\":600},{\"@type\":\"BreadcrumbList\",\"@id\":\"https:\/\/www.streetfoodking.city\/index.php\/kontakt\/#breadcrumb\",\"itemListElement\":[{\"@type\":\"ListItem\",\"position\":1,\"name\":\"Domovsk\u00e1 str\u00e1nka\",\"item\":\"https:\/\/www.streetfoodking.city\/\"},{\"@type\":\"ListItem\",\"position\":2,\"name\":\"Kontakt\"}]},{\"@type\":\"WebSite\",\"@id\":\"https:\/\/www.streetfoodking.city\/#website\",\"url\":\"https:\/\/www.streetfoodking.city\/\",\"name\":\"streetfoodking\",\"description\":\"Jedlo si m\u00f4\u017eete vyzdvihn\u00fa\u0165 priamo u n\u00e1s na prev\u00e1dzke, alebo objedna\u0165 cez na\u0161u don\u00e1\u0161ku a dovezieme ho priamo k V\u00e1m\",\"publisher\":{\"@id\":\"https:\/\/www.streetfoodking.city\/#organization\"},\"alternateName\":\"streetfoodking Jedlo si m\u00f4\u017eete vyzdvihn\u00fa\u0165 priamo u n\u00e1s na prev\u00e1dzke, alebo objedna\u0165 cez na\u0161u don\u00e1\u0161ku a dovezieme ho priamo k V\u00e1m\u200b\",\"potentialAction\":[{\"@type\":\"SearchAction\",\"target\":{\"@type\":\"EntryPoint\",\"urlTemplate\":\"https:\/\/www.streetfoodking.city\/?s={search_term_string}\"},\"query-input\":\"required name=search_term_string\"}],\"inLanguage\":\"sk-SK\"},{\"@type\":\"Organization\",\"@id\":\"https:\/\/www.streetfoodking.city\/#organization\",\"name\":\"streetfoodking\",\"alternateName\":\"streetfoodking Ko\u0161ice\",\"url\":\"https:\/\/www.streetfoodking.city\/\",\"logo\":{\"@type\":\"ImageObject\",\"inLanguage\":\"sk-SK\",\"@id\":\"https:\/\/www.streetfoodking.city\/#\/schema\/logo\/image\/\",\"url\":\"https:\/\/www.streetfoodking.city\/wp-content\/uploads\/2022\/11\/cropped-logo.png\",\"contentUrl\":\"https:\/\/www.streetfoodking.city\/wp-content\/uploads\/2022\/11\/cropped-logo.png\",\"width\":350,\"height\":196,\"caption\":\"streetfoodking\"},\"image\":{\"@id\":\"https:\/\/www.streetfoodking.city\/#\/schema\/logo\/image\/\"},\"sameAs\":[\"https:\/\/www.facebook.com\/people\/StreetFoodKing\/100088403701989\/?ref=embed_page\"]}]}<\/script>\n<!-- \/ Yoast SEO plugin. -->","yoast_head_json":{"title":"Kontakt - streetfoodking","robots":{"index":"index","follow":"follow","max-snippet":"max-snippet:-1","max-image-preview":"max-image-preview:large","max-video-preview":"max-video-preview:-1"},"canonical":"https:\/\/www.streetfoodking.city\/index.php\/kontakt\/","og_locale":"sk_SK","og_type":"article","og_title":"Kontakt - streetfoodking","og_description":"Kontakt: Amigo,s.r.o.Lado\u017esk\u00e1 1438\/10 040 12 Ko\u0161ice &#8211; mestsk\u00e1 \u010das\u0165 Nad jazerom I\u010cO &#8211; 36039462 DI\u010c &#8211; 2021519445 Tel.: &#8211; 0948 381 366 email:\u00a0amigosro.gazi@gmail.com","og_url":"https:\/\/www.streetfoodking.city\/index.php\/kontakt\/","og_site_name":"streetfoodking","article_publisher":"https:\/\/www.facebook.com\/people\/StreetFoodKing\/100088403701989\/?ref=embed_page","article_modified_time":"2023-12-05T11:33:21+00:00","og_image":[{"url":"https:\/\/www.streetfoodking.city\/wp-content\/uploads\/2023\/12\/donaska-3.png"}],"twitter_card":"summary_large_image","schema":{"@context":"https:\/\/schema.org","@graph":[{"@type":"WebPage","@id":"https:\/\/www.streetfoodking.city\/index.php\/kontakt\/","url":"https:\/\/www.streetfoodking.city\/index.php\/kontakt\/","name":"Kontakt - streetfoodking","isPartOf":{"@id":"https:\/\/www.streetfoodking.city\/#website"},"primaryImageOfPage":{"@id":"https:\/\/www.streetfoodking.city\/index.php\/kontakt\/#primaryimage"},"image":{"@id":"https:\/\/www.streetfoodking.city\/index.php\/kontakt\/#primaryimage"},"thumbnailUrl":"https:\/\/www.streetfoodking.city\/wp-content\/uploads\/2023\/12\/donaska-3.png","datePublished":"2023-01-26T15:10:08+00:00","dateModified":"2023-12-05T11:33:21+00:00","breadcrumb":{"@id":"https:\/\/www.streetfoodking.city\/index.php\/kontakt\/#breadcrumb"},"inLanguage":"sk-SK","potentialAction":[{"@type":"ReadAction","target":["https:\/\/www.streetfoodking.city\/index.php\/kontakt\/"]}]},{"@type":"ImageObject","inLanguage":"sk-SK","@id":"https:\/\/www.streetfoodking.city\/index.php\/kontakt\/#primaryimage","url":"https:\/\/www.streetfoodking.city\/wp-content\/uploads\/2023\/12\/donaska-3.png","contentUrl":"https:\/\/www.streetfoodking.city\/wp-content\/uploads\/2023\/12\/donaska-3.png","width":1140,"height":600},{"@type":"BreadcrumbList","@id":"https:\/\/www.streetfoodking.city\/index.php\/kontakt\/#breadcrumb","itemListElement":[{"@type":"ListItem","position":1,"name":"Domovsk\u00e1 str\u00e1nka","item":"https:\/\/www.streetfoodking.city\/"},{"@type":"ListItem","position":2,"name":"Kontakt"}]},{"@type":"WebSite","@id":"https:\/\/www.streetfoodking.city\/#website","url":"https:\/\/www.streetfoodking.city\/","name":"streetfoodking","description":"Jedlo si m\u00f4\u017eete vyzdvihn\u00fa\u0165 priamo u n\u00e1s na prev\u00e1dzke, alebo objedna\u0165 cez na\u0161u don\u00e1\u0161ku a dovezieme ho priamo k V\u00e1m","publisher":{"@id":"https:\/\/www.streetfoodking.city\/#organization"},"alternateName":"streetfoodking Jedlo si m\u00f4\u017eete vyzdvihn\u00fa\u0165 priamo u n\u00e1s na prev\u00e1dzke, alebo objedna\u0165 cez na\u0161u don\u00e1\u0161ku a dovezieme ho priamo k V\u00e1m\u200b","potentialAction":[{"@type":"SearchAction","target":{"@type":"EntryPoint","urlTemplate":"https:\/\/www.streetfoodking.city\/?s={search_term_string}"},"query-input":"required name=search_term_string"}],"inLanguage":"sk-SK"},{"@type":"Organization","@id":"https:\/\/www.streetfoodking.city\/#organization","name":"streetfoodking","alternateName":"streetfoodking Ko\u0161ice","url":"https:\/\/www.streetfoodking.city\/","logo":{"@type":"ImageObject","inLanguage":"sk-SK","@id":"https:\/\/www.streetfoodking.city\/#\/schema\/logo\/image\/","url":"https:\/\/www.streetfoodking.city\/wp-content\/uploads\/2022\/11\/cropped-logo.png","contentUrl":"https:\/\/www.streetfoodking.city\/wp-content\/uploads\/2022\/11\/cropped-logo.png","width":350,"height":196,"caption":"streetfoodking"},"image":{"@id":"https:\/\/www.streetfoodking.city\/#\/schema\/logo\/image\/"},"sameAs":["https:\/\/www.facebook.com\/people\/StreetFoodKing\/100088403701989\/?ref=embed_page"]}]}},"_links":{"self":[{"href":"https:\/\/www.streetfoodking.city\/index.php\/wp-json\/wp\/v2\/pages\/122","targetHints":{"allow":["GET"]}}],"collection":[{"href":"https:\/\/www.streetfoodking.city\/index.php\/wp-json\/wp\/v2\/pages"}],"about":[{"href":"https:\/\/www.streetfoodking.city\/index.php\/wp-json\/wp\/v2\/types\/page"}],"author":[{"embeddable":true,"href":"https:\/\/www.streetfoodking.city\/index.php\/wp-json\/wp\/v2\/users\/1"}],"replies":[{"embeddable":true,"href":"https:\/\/www.streetfoodking.city\/index.php\/wp-json\/wp\/v2\/comments?post=122"}],"version-history":[{"count":64,"href":"https:\/\/www.streetfoodking.city\/index.php\/wp-json\/wp\/v2\/pages\/122\/revisions"}],"predecessor-version":[{"id":2528,"href":"https:\/\/www.streetfoodking.city\/index.php\/wp-json\/wp\/v2\/pages\/122\/revisions\/2528"}],"wp:attachment":[{"href":"https:\/\/www.streetfoodking.city\/index.php\/wp-json\/wp\/v2\/media?parent=122"}],"curies":[{"name":"wp","href":"https:\/\/api.w.org\/{rel}","templated":true}]}}